{"id":4406,"date":"2025-08-12T08:44:52","date_gmt":"2025-08-12T08:44:52","guid":{"rendered":"https:\/\/watermil.pl\/bedingungen\/"},"modified":"2025-12-16T05:19:22","modified_gmt":"2025-12-16T05:19:22","slug":"bedingungen","status":"publish","type":"page","link":"https:\/\/watermil.pl\/de\/bedingungen\/","title":{"rendered":"Bedingungen"},"content":{"rendered":"\t\t<div data-elementor-type=\"wp-page\" data-elementor-id=\"4406\" class=\"elementor elementor-4406 elementor-3596 elementor-bc-flex-widget\" data-elementor-post-type=\"page\">\n\t\t\t\t<div class=\"elementor-element elementor-element-24e06d8 e-con-full e-flex e-con e-parent\" data-id=\"24e06d8\" data-element_type=\"container\" data-e-type=\"container\" data-settings=\"{&quot;enable_glow_container&quot;:&quot;no&quot;}\">\n\t\t<div class=\"elementor-element elementor-element-4830158 e-con-full e-flex e-con e-child\" data-id=\"4830158\" data-element_type=\"container\" data-e-type=\"container\" data-settings=\"{&quot;enable_glow_container&quot;:&quot;no&quot;}\">\n\t\t\t\t<div class=\"elementor-element elementor-element-fa6aa34 elementor-widget elementor-widget-heading\" data-id=\"fa6aa34\" data-element_type=\"widget\" data-e-type=\"widget\" data-settings=\"{&quot;custom-text-animation&quot;:&quot;type3&quot;,&quot;disable_animation_on_mobile&quot;:&quot;no&quot;}\" data-widget_type=\"heading.default\">\n\t\t\t\t<div class=\"elementor-widget-container\">\n\t\t\t\t\t<div data-animation-type=\"type3\" ><h2 class=\"elementor-heading-title elementor-size-default\">Allgemeine Gesch\u00e4ftsbedingungen<\/h2><\/div>\t\t\t\t<\/div>\n\t\t\t\t<\/div>\n\t\t\t\t<div class=\"elementor-element elementor-element-87eaf98 elementor-widget elementor-widget-text-editor\" data-id=\"87eaf98\" data-element_type=\"widget\" data-e-type=\"widget\" data-widget_type=\"text-editor.default\">\n\t\t\t\t<div class=\"elementor-widget-container\">\n\t\t\t\t\t\t\t\t\tWir glauben, dass eine solide Zusammenarbeit auf klaren Prinzipien basiert. Ihr Vertrauen ist f\u00fcr uns eine Verpflichtung, die wir durch Fairness bei jeder Transaktion erf\u00fcllen. \t\t\t\t\t\t\t\t<\/div>\n\t\t\t\t<\/div>\n\t\t\t\t<\/div>\n\t\t\t\t<\/div>\n\t\t<div class=\"elementor-element elementor-element-0159afa e-con-full e-flex e-con e-parent\" data-id=\"0159afa\" data-element_type=\"container\" data-e-type=\"container\" data-settings=\"{&quot;enable_glow_container&quot;:&quot;no&quot;}\">\n\t\t<div class=\"elementor-element elementor-element-3ed019a e-con-full e-flex e-con e-child\" data-id=\"3ed019a\" data-element_type=\"container\" data-e-type=\"container\" data-settings=\"{&quot;enable_glow_container&quot;:&quot;no&quot;}\">\n\t\t\t\t<div class=\"elementor-element elementor-element-76a0b3d elementor-widget elementor-widget-text-editor\" data-id=\"76a0b3d\" data-element_type=\"widget\" data-e-type=\"widget\" data-widget_type=\"text-editor.default\">\n\t\t\t\t<div class=\"elementor-widget-container\">\n\t\t\t\t\t\t\t\t\t\u00a7 1<br>Bitte senden Sie uns den Text der Gesch\u00e4ftsbedingungen (Sollten wir ihn nicht vor der grafischen Phase erhalten, k\u00f6nnen Sie ihn nach dem Start der Website selbstst\u00e4ndig \u00e4ndern).<br><br>Bitte senden Sie uns den Text der Gesch\u00e4ftsbedingungen (Sollten wir ihn nicht vor der grafischen Phase erhalten, k\u00f6nnen Sie ihn nach dem Start der Website selbstst\u00e4ndig \u00e4ndern).<br><br>Bitte senden Sie uns den Text der Gesch\u00e4ftsbedingungen (Sollten wir ihn nicht vor der grafischen Phase erhalten, k\u00f6nnen Sie ihn nach dem Start der Website selbstst\u00e4ndig \u00e4ndern).<br><br><br>\u00a7 2<br>Bitte senden Sie uns den Text der Gesch\u00e4ftsbedingungen (Sollten wir ihn nicht vor der grafischen Phase erhalten, k\u00f6nnen Sie ihn nach dem Start der Website selbstst\u00e4ndig \u00e4ndern).<br><br>Bitte senden Sie uns den Text der Gesch\u00e4ftsbedingungen (Sollten wir ihn nicht vor der grafischen Phase erhalten, k\u00f6nnen Sie ihn nach dem Start der Website selbstst\u00e4ndig \u00e4ndern).<br><br>Bitte senden Sie uns den Text der Gesch\u00e4ftsbedingungen (Sollten wir ihn nicht vor der grafischen Phase erhalten, k\u00f6nnen Sie ihn nach dem Start der Website selbstst\u00e4ndig \u00e4ndern).<br><br><br>\u00a7 3<br>Bitte senden Sie uns den Text der Gesch\u00e4ftsbedingungen (Sollten wir ihn nicht vor der grafischen Phase erhalten, k\u00f6nnen Sie ihn nach dem Start der Website selbstst\u00e4ndig \u00e4ndern).<br><br>Bitte senden Sie uns den Text der Gesch\u00e4ftsbedingungen (Sollten wir ihn nicht vor der grafischen Phase erhalten, k\u00f6nnen Sie ihn nach dem Start der Website selbstst\u00e4ndig \u00e4ndern).<br><br>Bitte senden Sie uns den Text der Gesch\u00e4ftsbedingungen (Sollten wir ihn nicht vor der grafischen Phase erhalten, k\u00f6nnen Sie ihn nach dem Start der Website selbstst\u00e4ndig \u00e4ndern).<br><br><br>\u00a7 4<br>Bitte senden Sie uns den Text der Gesch\u00e4ftsbedingungen (Sollten wir ihn nicht vor der grafischen Phase erhalten, k\u00f6nnen Sie ihn nach dem Start der Website selbstst\u00e4ndig \u00e4ndern).<br><br>Bitte senden Sie uns den Text der Gesch\u00e4ftsbedingungen (Sollten wir ihn nicht vor der grafischen Phase erhalten, k\u00f6nnen Sie ihn nach dem Start der Website selbstst\u00e4ndig \u00e4ndern).<br><br>Bitte senden Sie uns den Text der Gesch\u00e4ftsbedingungen (Sollten wir ihn nicht vor der grafischen Phase erhalten, k\u00f6nnen Sie ihn nach dem Start der Website selbstst\u00e4ndig \u00e4ndern).<br><br>\u00a7 5<br>Vielen Dank \ud83d\ude42<br><br><br><br><br><br><br><br><br><br><br>(&#8230;)\t\t\t\t\t\t\t\t<\/div>\n\t\t\t\t<\/div>\n\t\t\t\t<div class=\"elementor-element elementor-element-508404e elementor-absolute elementor-view-default elementor-widget elementor-widget-icon\" data-id=\"508404e\" data-element_type=\"widget\" data-e-type=\"widget\" data-settings=\"{&quot;_position&quot;:&quot;absolute&quot;,&quot;cew_animation_ease&quot;:&quot;power1.out&quot;,&quot;cew_animation_enable&quot;:&quot;yes&quot;,&quot;cew_animation_scrub&quot;:&quot;yes&quot;,&quot;cew_animation_scrub_value&quot;:4,&quot;cew_animation_start_toggle&quot;:&quot;yes&quot;,&quot;cew_animation_end_toggle&quot;:&quot;yes&quot;,&quot;cew_animation_translate_y_toggle&quot;:&quot;yes&quot;,&quot;cew_animation_from_translate_y&quot;:{&quot;unit&quot;:&quot;%&quot;,&quot;size&quot;:-59,&quot;sizes&quot;:[]},&quot;cew_animation_to_translate_y&quot;:{&quot;unit&quot;:&quot;%&quot;,&quot;size&quot;:53,&quot;sizes&quot;:[]},&quot;cew_animation_start_window&quot;:{&quot;unit&quot;:&quot;%&quot;,&quot;size&quot;:100,&quot;sizes&quot;:[]},&quot;cew_animation_start_element&quot;:{&quot;unit&quot;:&quot;%&quot;,&quot;size&quot;:0,&quot;sizes&quot;:[]},&quot;cew_animation_end_window&quot;:{&quot;unit&quot;:&quot;%&quot;,&quot;size&quot;:0,&quot;sizes&quot;:[]},&quot;cew_animation_end_element&quot;:{&quot;unit&quot;:&quot;%&quot;,&quot;size&quot;:100,&quot;sizes&quot;:[]},&quot;cew_animation_from_translate_y_tablet&quot;:{&quot;unit&quot;:&quot;px&quot;,&quot;size&quot;:&quot;&quot;,&quot;sizes&quot;:[]},&quot;cew_animation_from_translate_y_mobile&quot;:{&quot;unit&quot;:&quot;px&quot;,&quot;size&quot;:&quot;&quot;,&quot;sizes&quot;:[]},&quot;cew_animation_to_translate_y_tablet&quot;:{&quot;unit&quot;:&quot;px&quot;,&quot;size&quot;:&quot;&quot;,&quot;sizes&quot;:[]},&quot;cew_animation_to_translate_y_mobile&quot;:{&quot;unit&quot;:&quot;px&quot;,&quot;size&quot;:&quot;&quot;,&quot;sizes&quot;:[]}}\" data-widget_type=\"icon.default\">\n\t\t\t\t<div class=\"elementor-widget-container\">\n\t\t\t\t\t\t\t<div class=\"elementor-icon-wrapper\">\n\t\t\t<div class=\"elementor-icon\">\n\t\t\t<svg aria-hidden=\"true\" class=\"e-font-icon-svg e-fas-circle\" viewBox=\"0 0 512 512\" xmlns=\"http:\/\/www.w3.org\/2000\/svg\"><path d=\"M256 8C119 8 8 119 8 256s111 248 248 248 248-111 248-248S393 8 256 8z\"><\/path><\/svg>\t\t\t<\/div>\n\t\t<\/div>\n\t\t\t\t\t\t<\/div>\n\t\t\t\t<\/div>\n\t\t\t\t<\/div>\n\t\t\t\t<\/div>\n\t\t\t\t<\/div>\n\t\t","protected":false},"excerpt":{"rendered":"<p>Allgemeine Gesch\u00e4ftsbedingungen Wir glauben, dass eine solide Zusammenarbeit auf klaren Prinzipien basiert. Ihr Vertrauen ist f\u00fcr uns eine Verpflichtung, die wir durch Fairness bei jeder Transaktion erf\u00fcllen. \u00a7 1Bitte senden Sie uns den Text der Gesch\u00e4ftsbedingungen (Sollten wir ihn nicht vor der grafischen Phase erhalten, k\u00f6nnen Sie ihn nach dem Start der Website selbstst\u00e4ndig \u00e4ndern). [&hellip;]<\/p>\n","protected":false},"author":1,"featured_media":0,"parent":0,"menu_order":0,"comment_status":"closed","ping_status":"closed","template":"","meta":{"_acf_changed":false,"footnotes":""},"class_list":["post-4406","page","type-page","status-publish","hentry"],"acf":[],"yoast_head":"<!-- This site is optimized with the Yoast SEO plugin v26.8 - https:\/\/yoast.com\/product\/yoast-seo-wordpress\/ -->\n<title>Bedingungen - Producent Watermil<\/title>\n<meta name=\"robots\" content=\"index, follow, max-snippet:-1, max-image-preview:large, max-video-preview:-1\" \/>\n<link rel=\"canonical\" href=\"https:\/\/watermil.pl\/de\/bedingungen\/\" \/>\n<meta property=\"og:locale\" content=\"de_DE\" \/>\n<meta property=\"og:type\" content=\"article\" \/>\n<meta property=\"og:title\" content=\"Bedingungen - Producent Watermil\" \/>\n<meta property=\"og:description\" content=\"Allgemeine Gesch\u00e4ftsbedingungen Wir glauben, dass eine solide Zusammenarbeit auf klaren Prinzipien basiert. Ihr Vertrauen ist f\u00fcr uns eine Verpflichtung, die wir durch Fairness bei jeder Transaktion erf\u00fcllen. \u00a7 1Bitte senden Sie uns den Text der Gesch\u00e4ftsbedingungen (Sollten wir ihn nicht vor der grafischen Phase erhalten, k\u00f6nnen Sie ihn nach dem Start der Website selbstst\u00e4ndig \u00e4ndern). [&hellip;]\" \/>\n<meta property=\"og:url\" content=\"https:\/\/watermil.pl\/de\/bedingungen\/\" \/>\n<meta property=\"og:site_name\" content=\"Watermil\" \/>\n<meta property=\"article:modified_time\" content=\"2025-12-16T05:19:22+00:00\" \/>\n<meta name=\"twitter:card\" content=\"summary_large_image\" \/>\n<meta name=\"twitter:label1\" content=\"Gesch\u00e4tzte Lesezeit\" \/>\n\t<meta name=\"twitter:data1\" content=\"2\u00a0Minuten\" \/>\n<script type=\"application\/ld+json\" class=\"yoast-schema-graph\">{\"@context\":\"https:\/\/schema.org\",\"@graph\":[{\"@type\":\"WebPage\",\"@id\":\"https:\/\/watermil.pl\/de\/bedingungen\/\",\"url\":\"https:\/\/watermil.pl\/de\/bedingungen\/\",\"name\":\"Bedingungen - Producent Watermil\",\"isPartOf\":{\"@id\":\"https:\/\/watermil.pl\/#website\"},\"datePublished\":\"2025-08-12T08:44:52+00:00\",\"dateModified\":\"2025-12-16T05:19:22+00:00\",\"breadcrumb\":{\"@id\":\"https:\/\/watermil.pl\/de\/bedingungen\/#breadcrumb\"},\"inLanguage\":\"de\",\"potentialAction\":[{\"@type\":\"ReadAction\",\"target\":[\"https:\/\/watermil.pl\/de\/bedingungen\/\"]}]},{\"@type\":\"BreadcrumbList\",\"@id\":\"https:\/\/watermil.pl\/de\/bedingungen\/#breadcrumb\",\"itemListElement\":[{\"@type\":\"ListItem\",\"position\":1,\"name\":\"Home\",\"item\":\"https:\/\/watermil.pl\/\"},{\"@type\":\"ListItem\",\"position\":2,\"name\":\"Bedingungen\"}]},{\"@type\":\"WebSite\",\"@id\":\"https:\/\/watermil.pl\/#website\",\"url\":\"https:\/\/watermil.pl\/\",\"name\":\"Watermil\",\"description\":\"\",\"publisher\":{\"@id\":\"https:\/\/watermil.pl\/#organization\"},\"potentialAction\":[{\"@type\":\"SearchAction\",\"target\":{\"@type\":\"EntryPoint\",\"urlTemplate\":\"https:\/\/watermil.pl\/?s={search_term_string}\"},\"query-input\":{\"@type\":\"PropertyValueSpecification\",\"valueRequired\":true,\"valueName\":\"search_term_string\"}}],\"inLanguage\":\"de\"},{\"@type\":\"Organization\",\"@id\":\"https:\/\/watermil.pl\/#organization\",\"name\":\"Watermil\",\"url\":\"https:\/\/watermil.pl\/\",\"logo\":{\"@type\":\"ImageObject\",\"inLanguage\":\"de\",\"@id\":\"https:\/\/watermil.pl\/#\/schema\/logo\/image\/\",\"url\":\"https:\/\/watermil.pl\/wp-content\/uploads\/2023\/09\/WMIL_blue-green_poziom.png\",\"contentUrl\":\"https:\/\/watermil.pl\/wp-content\/uploads\/2023\/09\/WMIL_blue-green_poziom.png\",\"width\":688,\"height\":137,\"caption\":\"Watermil\"},\"image\":{\"@id\":\"https:\/\/watermil.pl\/#\/schema\/logo\/image\/\"}}]}<\/script>\n<!-- \/ Yoast SEO plugin. -->","yoast_head_json":{"title":"Bedingungen - Producent Watermil","robots":{"index":"index","follow":"follow","max-snippet":"max-snippet:-1","max-image-preview":"max-image-preview:large","max-video-preview":"max-video-preview:-1"},"canonical":"https:\/\/watermil.pl\/de\/bedingungen\/","og_locale":"de_DE","og_type":"article","og_title":"Bedingungen - Producent Watermil","og_description":"Allgemeine Gesch\u00e4ftsbedingungen Wir glauben, dass eine solide Zusammenarbeit auf klaren Prinzipien basiert. Ihr Vertrauen ist f\u00fcr uns eine Verpflichtung, die wir durch Fairness bei jeder Transaktion erf\u00fcllen. \u00a7 1Bitte senden Sie uns den Text der Gesch\u00e4ftsbedingungen (Sollten wir ihn nicht vor der grafischen Phase erhalten, k\u00f6nnen Sie ihn nach dem Start der Website selbstst\u00e4ndig \u00e4ndern). [&hellip;]","og_url":"https:\/\/watermil.pl\/de\/bedingungen\/","og_site_name":"Watermil","article_modified_time":"2025-12-16T05:19:22+00:00","twitter_card":"summary_large_image","twitter_misc":{"Gesch\u00e4tzte Lesezeit":"2\u00a0Minuten"},"schema":{"@context":"https:\/\/schema.org","@graph":[{"@type":"WebPage","@id":"https:\/\/watermil.pl\/de\/bedingungen\/","url":"https:\/\/watermil.pl\/de\/bedingungen\/","name":"Bedingungen - Producent Watermil","isPartOf":{"@id":"https:\/\/watermil.pl\/#website"},"datePublished":"2025-08-12T08:44:52+00:00","dateModified":"2025-12-16T05:19:22+00:00","breadcrumb":{"@id":"https:\/\/watermil.pl\/de\/bedingungen\/#breadcrumb"},"inLanguage":"de","potentialAction":[{"@type":"ReadAction","target":["https:\/\/watermil.pl\/de\/bedingungen\/"]}]},{"@type":"BreadcrumbList","@id":"https:\/\/watermil.pl\/de\/bedingungen\/#breadcrumb","itemListElement":[{"@type":"ListItem","position":1,"name":"Home","item":"https:\/\/watermil.pl\/"},{"@type":"ListItem","position":2,"name":"Bedingungen"}]},{"@type":"WebSite","@id":"https:\/\/watermil.pl\/#website","url":"https:\/\/watermil.pl\/","name":"Watermil","description":"","publisher":{"@id":"https:\/\/watermil.pl\/#organization"},"potentialAction":[{"@type":"SearchAction","target":{"@type":"EntryPoint","urlTemplate":"https:\/\/watermil.pl\/?s={search_term_string}"},"query-input":{"@type":"PropertyValueSpecification","valueRequired":true,"valueName":"search_term_string"}}],"inLanguage":"de"},{"@type":"Organization","@id":"https:\/\/watermil.pl\/#organization","name":"Watermil","url":"https:\/\/watermil.pl\/","logo":{"@type":"ImageObject","inLanguage":"de","@id":"https:\/\/watermil.pl\/#\/schema\/logo\/image\/","url":"https:\/\/watermil.pl\/wp-content\/uploads\/2023\/09\/WMIL_blue-green_poziom.png","contentUrl":"https:\/\/watermil.pl\/wp-content\/uploads\/2023\/09\/WMIL_blue-green_poziom.png","width":688,"height":137,"caption":"Watermil"},"image":{"@id":"https:\/\/watermil.pl\/#\/schema\/logo\/image\/"}}]}},"_links":{"self":[{"href":"https:\/\/watermil.pl\/de\/wp-json\/wp\/v2\/pages\/4406","targetHints":{"allow":["GET"]}}],"collection":[{"href":"https:\/\/watermil.pl\/de\/wp-json\/wp\/v2\/pages"}],"about":[{"href":"https:\/\/watermil.pl\/de\/wp-json\/wp\/v2\/types\/page"}],"author":[{"embeddable":true,"href":"https:\/\/watermil.pl\/de\/wp-json\/wp\/v2\/users\/1"}],"replies":[{"embeddable":true,"href":"https:\/\/watermil.pl\/de\/wp-json\/wp\/v2\/comments?post=4406"}],"version-history":[{"count":1,"href":"https:\/\/watermil.pl\/de\/wp-json\/wp\/v2\/pages\/4406\/revisions"}],"predecessor-version":[{"id":4407,"href":"https:\/\/watermil.pl\/de\/wp-json\/wp\/v2\/pages\/4406\/revisions\/4407"}],"wp:attachment":[{"href":"https:\/\/watermil.pl\/de\/wp-json\/wp\/v2\/media?parent=4406"}],"curies":[{"name":"wp","href":"https:\/\/api.w.org\/{rel}","templated":true}]}}